{"id":1971,"date":"2024-06-07T15:47:54","date_gmt":"2024-06-07T13:47:54","guid":{"rendered":"https:\/\/e-cert.al\/?page_id=1971"},"modified":"2024-06-07T15:47:54","modified_gmt":"2024-06-07T13:47:54","slug":"te-gjitha","status":"publish","type":"page","link":"https:\/\/e-cert.al\/en\/te-gjitha\/","title":{"rendered":"Te gjitha"},"content":{"rendered":"<p>Certifikimet ISO jan\u00eb nj\u00eb m\u00ebnyr\u00eb p\u00ebr organizatat t\u00eb tregojn\u00eb se respektojn\u00eb standarde nd\u00ebrkomb\u00ebtare t\u00eb cil\u00ebsis\u00eb, siguris\u00eb, dhe menaxhimit. K\u00ebto certifikime jan\u00eb t\u00eb l\u00ebshuara nga Enti ose Organizata e huaj, e<br \/>\npavarur, dhe v\u00ebrtetojn\u00eb se nj\u00eb produkt, sh\u00ebrbim, ose sistem i organizat\u00ebs p\u00ebrputhet me k\u00ebrkesat e normave. ISO \u00ebsht\u00eb Organizata Nd\u00ebrkomb\u00ebtare e Standartizimit, e cila p\u00ebrpunon dhe publikon norma nd\u00ebrkomb\u00ebtare p\u00ebr sektor\u00eb t\u00eb ndrysh\u00ebm ekonomik ose t\u00eb prodhimit.<\/p>\n<p>Certifikimi ISO 9001 p\u00ebrfaq\u00ebson nj\u00eb konfirmim t\u00eb faktit q\u00eb shoq\u00ebria respekton nj\u00eb seri k\u00ebrkesash t\u00ebpranueshme n\u00eb nivel nd\u00ebrkomb\u00ebtar. Mbajtja e k\u00ebtij certifikimi sjell disa p\u00ebrpar\u00ebsi p\u00ebr shoq\u00ebrin\u00eb, si akses<br \/>\ntek procedurat e tenderave publike, marr\u00ebdh\u00ebnie biznesi me partner\u00ebt e njohur, apo nj\u00eb imazh m\u00eb t\u00eb mir\u00eb n\u00eb syt\u00eb e klient\u00ebve.<\/p>\n<p>Zbatimi dhe certifikimi ISO 9001 gjithashtu shton vler\u00eb nj\u00eb organizate p\u00ebrmes rritjes s\u00eb besimit t\u00eb klientit se produkti dhe\/apo sh\u00ebrbimi i ofruar plot\u00ebson k\u00ebrkesat e dakorduara reciprokisht, si dhe rregulloret<br \/>\ndhe ligjet n\u00eb fuqi. P\u00ebrve\u00e7 k\u00ebsaj, ndihmon n\u00eb reduktimin e kostove operative p\u00ebrmes funksionimit efikas dhe rritjes s\u00eb produktivitetit3.<\/p>\n<p>N\u00eb kompanin\u00eb tuaj, p\u00ebr t\u00eb pasur nj\u00eb sistem m\u00eb t\u00eb mir\u00eb t\u00eb menaxhimit, planifikim m\u00eb t\u00eb mir\u00eb t\u00eb aktiviteteve, p\u00ebr zgjidhjen m\u00eb t\u00eb shpejt\u00eb t\u00eb problemeve, p\u00ebr t\u00eb rritur produktivitetin, fitimet dhe reputacionin, duhet t\u00eb zbatoni sistemin e menaxhimit t\u00eb cil\u00ebsis\u00eb ISO 9001:2015.<\/p>\n","protected":false},"excerpt":{"rendered":"<p>Certifikimet ISO jan\u00eb nj\u00eb m\u00ebnyr\u00eb p\u00ebr organizatat t\u00eb tregojn\u00eb se respektojn\u00eb standarde nd\u00ebrkomb\u00ebtare t\u00eb cil\u00ebsis\u00eb, siguris\u00eb, dhe menaxhimit. K\u00ebto certifikime jan\u00eb t\u00eb l\u00ebshuara nga Enti ose Organizata e huaj, e pavarur, dhe v\u00ebrtetojn\u00eb se nj\u00eb produkt, sh\u00ebrbim, ose sistem i organizat\u00ebs p\u00ebrputhet me k\u00ebrkesat e normave. ISO \u00ebsht\u00eb Organizata Nd\u00ebrkomb\u00ebtare e Standartizimit, e cila p\u00ebrpunon [&hellip;]<\/p>\n","protected":false},"author":1,"featured_media":0,"parent":0,"menu_order":0,"comment_status":"closed","ping_status":"closed","template":"","meta":{"inline_featured_image":false,"footnotes":""},"class_list":["post-1971","page","type-page","status-publish","hentry"],"yoast_head":"<!-- This site is optimized with the Yoast SEO plugin v27.3 - https:\/\/yoast.com\/product\/yoast-seo-wordpress\/ -->\n<title>Te gjitha - e-Cert<\/title>\n<meta name=\"robots\" content=\"index, follow, max-snippet:-1, max-image-preview:large, max-video-preview:-1\" \/>\n<link rel=\"canonical\" href=\"https:\/\/e-cert.al\/en\/te-gjitha\/\" \/>\n<meta property=\"og:locale\" content=\"en_US\" \/>\n<meta property=\"og:type\" content=\"article\" \/>\n<meta property=\"og:title\" content=\"Te gjitha - e-Cert\" \/>\n<meta property=\"og:description\" content=\"Certifikimet ISO jan\u00eb nj\u00eb m\u00ebnyr\u00eb p\u00ebr organizatat t\u00eb tregojn\u00eb se respektojn\u00eb standarde nd\u00ebrkomb\u00ebtare t\u00eb cil\u00ebsis\u00eb, siguris\u00eb, dhe menaxhimit. K\u00ebto certifikime jan\u00eb t\u00eb l\u00ebshuara nga Enti ose Organizata e huaj, e pavarur, dhe v\u00ebrtetojn\u00eb se nj\u00eb produkt, sh\u00ebrbim, ose sistem i organizat\u00ebs p\u00ebrputhet me k\u00ebrkesat e normave. ISO \u00ebsht\u00eb Organizata Nd\u00ebrkomb\u00ebtare e Standartizimit, e cila p\u00ebrpunon [&hellip;]\" \/>\n<meta property=\"og:url\" content=\"https:\/\/e-cert.al\/en\/te-gjitha\/\" \/>\n<meta property=\"og:site_name\" content=\"e-Cert\" \/>\n<meta name=\"twitter:card\" content=\"summary_large_image\" \/>\n<meta name=\"twitter:label1\" content=\"Est. reading time\" \/>\n\t<meta name=\"twitter:data1\" content=\"2 minutes\" \/>\n<script type=\"application\/ld+json\" class=\"yoast-schema-graph\">{\"@context\":\"https:\\\/\\\/schema.org\",\"@graph\":[{\"@type\":\"WebPage\",\"@id\":\"https:\\\/\\\/e-cert.al\\\/en\\\/te-gjitha\\\/\",\"url\":\"https:\\\/\\\/e-cert.al\\\/en\\\/te-gjitha\\\/\",\"name\":\"Te gjitha - e-Cert\",\"isPartOf\":{\"@id\":\"https:\\\/\\\/e-cert.al\\\/en\\\/#website\"},\"datePublished\":\"2024-06-07T13:47:54+00:00\",\"breadcrumb\":{\"@id\":\"https:\\\/\\\/e-cert.al\\\/en\\\/te-gjitha\\\/#breadcrumb\"},\"inLanguage\":\"en-US\",\"potentialAction\":[{\"@type\":\"ReadAction\",\"target\":[\"https:\\\/\\\/e-cert.al\\\/en\\\/te-gjitha\\\/\"]}]},{\"@type\":\"BreadcrumbList\",\"@id\":\"https:\\\/\\\/e-cert.al\\\/en\\\/te-gjitha\\\/#breadcrumb\",\"itemListElement\":[{\"@type\":\"ListItem\",\"position\":1,\"name\":\"Home\",\"item\":\"https:\\\/\\\/e-cert.al\\\/en\\\/\"},{\"@type\":\"ListItem\",\"position\":2,\"name\":\"Te gjitha\"}]},{\"@type\":\"WebSite\",\"@id\":\"https:\\\/\\\/e-cert.al\\\/en\\\/#website\",\"url\":\"https:\\\/\\\/e-cert.al\\\/en\\\/\",\"name\":\"InnovaHost\",\"description\":\"Making Sense of Certification\",\"publisher\":{\"@id\":\"https:\\\/\\\/e-cert.al\\\/en\\\/#organization\"},\"potentialAction\":[{\"@type\":\"SearchAction\",\"target\":{\"@type\":\"EntryPoint\",\"urlTemplate\":\"https:\\\/\\\/e-cert.al\\\/en\\\/?s={search_term_string}\"},\"query-input\":{\"@type\":\"PropertyValueSpecification\",\"valueRequired\":true,\"valueName\":\"search_term_string\"}}],\"inLanguage\":\"en-US\"},{\"@type\":\"Organization\",\"@id\":\"https:\\\/\\\/e-cert.al\\\/en\\\/#organization\",\"name\":\"Innovahost\",\"url\":\"https:\\\/\\\/e-cert.al\\\/en\\\/\",\"logo\":{\"@type\":\"ImageObject\",\"inLanguage\":\"en-US\",\"@id\":\"https:\\\/\\\/e-cert.al\\\/en\\\/#\\\/schema\\\/logo\\\/image\\\/\",\"url\":\"https:\\\/\\\/e-cert.al\\\/wp-content\\\/uploads\\\/2020\\\/10\\\/logo_big.jpg\",\"contentUrl\":\"https:\\\/\\\/e-cert.al\\\/wp-content\\\/uploads\\\/2020\\\/10\\\/logo_big.jpg\",\"width\":682,\"height\":80,\"caption\":\"Innovahost\"},\"image\":{\"@id\":\"https:\\\/\\\/e-cert.al\\\/en\\\/#\\\/schema\\\/logo\\\/image\\\/\"}}]}<\/script>\n<!-- \/ Yoast SEO plugin. -->","yoast_head_json":{"title":"Te gjitha - e-Cert","robots":{"index":"index","follow":"follow","max-snippet":"max-snippet:-1","max-image-preview":"max-image-preview:large","max-video-preview":"max-video-preview:-1"},"canonical":"https:\/\/e-cert.al\/en\/te-gjitha\/","og_locale":"en_US","og_type":"article","og_title":"Te gjitha - e-Cert","og_description":"Certifikimet ISO jan\u00eb nj\u00eb m\u00ebnyr\u00eb p\u00ebr organizatat t\u00eb tregojn\u00eb se respektojn\u00eb standarde nd\u00ebrkomb\u00ebtare t\u00eb cil\u00ebsis\u00eb, siguris\u00eb, dhe menaxhimit. K\u00ebto certifikime jan\u00eb t\u00eb l\u00ebshuara nga Enti ose Organizata e huaj, e pavarur, dhe v\u00ebrtetojn\u00eb se nj\u00eb produkt, sh\u00ebrbim, ose sistem i organizat\u00ebs p\u00ebrputhet me k\u00ebrkesat e normave. ISO \u00ebsht\u00eb Organizata Nd\u00ebrkomb\u00ebtare e Standartizimit, e cila p\u00ebrpunon [&hellip;]","og_url":"https:\/\/e-cert.al\/en\/te-gjitha\/","og_site_name":"e-Cert","twitter_card":"summary_large_image","twitter_misc":{"Est. reading time":"2 minutes"},"schema":{"@context":"https:\/\/schema.org","@graph":[{"@type":"WebPage","@id":"https:\/\/e-cert.al\/en\/te-gjitha\/","url":"https:\/\/e-cert.al\/en\/te-gjitha\/","name":"Te gjitha - e-Cert","isPartOf":{"@id":"https:\/\/e-cert.al\/en\/#website"},"datePublished":"2024-06-07T13:47:54+00:00","breadcrumb":{"@id":"https:\/\/e-cert.al\/en\/te-gjitha\/#breadcrumb"},"inLanguage":"en-US","potentialAction":[{"@type":"ReadAction","target":["https:\/\/e-cert.al\/en\/te-gjitha\/"]}]},{"@type":"BreadcrumbList","@id":"https:\/\/e-cert.al\/en\/te-gjitha\/#breadcrumb","itemListElement":[{"@type":"ListItem","position":1,"name":"Home","item":"https:\/\/e-cert.al\/en\/"},{"@type":"ListItem","position":2,"name":"Te gjitha"}]},{"@type":"WebSite","@id":"https:\/\/e-cert.al\/en\/#website","url":"https:\/\/e-cert.al\/en\/","name":"InnovaHost","description":"Making Sense of Certification","publisher":{"@id":"https:\/\/e-cert.al\/en\/#organization"},"potentialAction":[{"@type":"SearchAction","target":{"@type":"EntryPoint","urlTemplate":"https:\/\/e-cert.al\/en\/?s={search_term_string}"},"query-input":{"@type":"PropertyValueSpecification","valueRequired":true,"valueName":"search_term_string"}}],"inLanguage":"en-US"},{"@type":"Organization","@id":"https:\/\/e-cert.al\/en\/#organization","name":"Innovahost","url":"https:\/\/e-cert.al\/en\/","logo":{"@type":"ImageObject","inLanguage":"en-US","@id":"https:\/\/e-cert.al\/en\/#\/schema\/logo\/image\/","url":"https:\/\/e-cert.al\/wp-content\/uploads\/2020\/10\/logo_big.jpg","contentUrl":"https:\/\/e-cert.al\/wp-content\/uploads\/2020\/10\/logo_big.jpg","width":682,"height":80,"caption":"Innovahost"},"image":{"@id":"https:\/\/e-cert.al\/en\/#\/schema\/logo\/image\/"}}]}},"_links":{"self":[{"href":"https:\/\/e-cert.al\/en\/wp-json\/wp\/v2\/pages\/1971","targetHints":{"allow":["GET"]}}],"collection":[{"href":"https:\/\/e-cert.al\/en\/wp-json\/wp\/v2\/pages"}],"about":[{"href":"https:\/\/e-cert.al\/en\/wp-json\/wp\/v2\/types\/page"}],"author":[{"embeddable":true,"href":"https:\/\/e-cert.al\/en\/wp-json\/wp\/v2\/users\/1"}],"replies":[{"embeddable":true,"href":"https:\/\/e-cert.al\/en\/wp-json\/wp\/v2\/comments?post=1971"}],"version-history":[{"count":1,"href":"https:\/\/e-cert.al\/en\/wp-json\/wp\/v2\/pages\/1971\/revisions"}],"predecessor-version":[{"id":1972,"href":"https:\/\/e-cert.al\/en\/wp-json\/wp\/v2\/pages\/1971\/revisions\/1972"}],"wp:attachment":[{"href":"https:\/\/e-cert.al\/en\/wp-json\/wp\/v2\/media?parent=1971"}],"curies":[{"name":"wp","href":"https:\/\/api.w.org\/{rel}","templated":true}]}}